{"id":7876,"date":"2021-07-14T13:44:32","date_gmt":"2021-07-14T10:44:32","guid":{"rendered":"https:\/\/dlm-trans.com.ua\/?page_id=7876"},"modified":"2021-07-14T13:44:32","modified_gmt":"2021-07-14T10:44:32","slug":"diritti-e-doveri-del-passeggero-e-del-vettore","status":"publish","type":"page","link":"https:\/\/dlm-trans.com.ua\/it\/diritti-e-doveri-del-passeggero-e-del-vettore","title":{"rendered":"Diritti e doveri del passeggero e del vettore"},"content":{"rendered":"<p>[vc_row][vc_column]\t\t\n\t\t<div id=\"wd-60eebdc444338\" class=\"title-wrapper wd-wpb set-mb-s reset-last-child  wd-title-color-default wd-title-style-simple wd-width-100 text-center \">\n\t\t\t\n\t\t\t<div class=\"liner-continer\">\n\t\t\t\t<h2 class=\"woodmart-title-container title  wd-font-weight- wd-fontsize-l\" >DIRITTI E OBBLIGHI DEL PASSEGGERO<\/h2>\n\t\t\t\t\t\t\t<\/div>\n\t\t\t\n\t\t\t\n\t\t\t\t\t<\/div>\n\t\t\n\t\t[vc_column_text text_larger=&#8221;no&#8221; woodmart_inline=&#8221;no&#8221;]<\/p>\n<h3>Il passeggero ha diritto a:<\/h3>\n<ul>\n<li>Il passeggero ha diritto a ricevere informazioni tempestive e veritiere circa l&#8217;elenco dei servizi forniti, le condizioni della loro fornitura e il percorso.<\/li>\n<li>Il passeggero ha diritto a un trasporto sicuro e di alta qualit\u00e0.<\/li>\n<li>Il Passeggero ha il diritto di esigere dal vettore l&#8217;adempimento dei termini del Contratto di Trasporto.<\/li>\n<li>Il passeggero ha diritto al trasporto garantito: un&#8217;unit\u00e0 di bagaglio B60 * L40 * P40 cm di peso fino a 30 kg e un&#8217;unit\u00e0 di bagaglio a mano fino a 10 kg nella cabina del veicolo.<\/li>\n<li>Il passeggero ha il diritto di chiedere il risarcimento dei danni causati alla salute del passeggero o dei danni al suo bagaglio durante il trasporto internazionale.<\/li>\n<\/ul>\n<h3>Il passeggero \u00e8 obbligato a:<\/h3>\n<ul>\n<li>Il passeggero \u00e8 obbligato a trovare tutte le informazioni necessarie e interessanti per lui prima di acquistare un biglietto, comprese le informazioni su: volo, percorso esatto, servizio disponibile sull&#8217;autobus, documenti necessari per attraversare il confine, ecc.<\/li>\n<li>Il passeggero deve presentarsi all&#8217;imbarco entro e non oltre 30 minuti prima della partenza dell&#8217;autobus indicata nel biglietto.<\/li>\n<li>All&#8217;imbarco il passeggero \u00e8 tenuto a presentare documenti di viaggio validi: passaporto biometrico (passaporto con visto valido per attraversare il confine).<\/li>\n<li>Durante lo spostamento, il passeggero deve seguire le regole di comportamento nei luoghi pubblici, per non interferire con il lavoro dell&#8217;equipaggio, per non creare disagi agli altri passeggeri. In caso di mancato rispetto di tali requisiti, il vettore si riserva il diritto di sbarcare il passeggero senza rimborso del prezzo del biglietto.<\/li>\n<li>Rispettare le regole stabilite per l&#8217;attraversamento del confine dello stato sul cui territorio viene effettuato il trasporto internazionale. Se il passeggero non rispetta le norme doganali e di frontiera e viene trattenuto alla frontiera, il che causer\u00e0 un ritardo del volo, l&#8217;equipaggio dell&#8217;autobus ha il diritto di continuare il volo senza passeggero, secondo l&#8217;orario dell&#8217;autobus, senza compensazione monetaria per il viaggio.<\/li>\n<li>Essere presente all&#8217;ispezione dei bagagli e degli altri beni di sua propriet\u00e0, nonch\u00e9 al campionamento, campionamento di sostanze e materiali di sua propriet\u00e0, per l&#8217;analisi espressa da parte delle autorit\u00e0 di regolamentazione competenti.<\/li>\n<li>Responsabilit\u00e0 per danni causati dalla sua colpa, inclusi danni o contaminazione dell&#8217;autobus o delle attrezzature appartenenti al vettore.<\/li>\n<li>Rientro al bus all&#8217;orario indicato dall&#8217;autista alle fermate lungo il percorso. In caso di ritardo, l&#8217;equipaggio dell&#8217;autobus ha il diritto di continuare il volo senza passeggero, secondo l&#8217;orario dell&#8217;autobus, senza rimborso della tariffa.<\/li>\n<\/ul>\n<h3>Al passeggero \u00e8 vietato:<\/h3>\n<ul>\n<li>Distrai il conducente durante la guida.<\/li>\n<li>Portare i bagagli sui sedili. Il bagaglio a mano viene posizionato su scaffali appositamente designati.<\/li>\n<li>Metti i bagagli nel corridoio.<\/li>\n<li>Mettiti nel corridoio e muoviti intorno all&#8217;autobus mentre guidi.<\/li>\n<li>Fumare e bere alcolici e droghe durante il viaggio.<\/li>\n<li>Non \u00e8 necessario utilizzare attrezzature di emergenza.<\/li>\n<li>Riprese fotografiche e video durante l&#8217;attraversamento del confine.<\/li>\n<\/ul>\n<p>[\/vc_column_text]\t\t\n\t\t<div id=\"wd-60eebec643c5f\" class=\"title-wrapper wd-wpb set-mb-s reset-last-child  wd-title-color-default wd-title-style-simple wd-width-100 text-center \">\n\t\t\t\n\t\t\t<div class=\"liner-continer\">\n\t\t\t\t<h2 class=\"woodmart-title-container title  wd-font-weight- wd-fontsize-l\" >DIRITTI E OBBLIGHI DEL VETTORE<\/h2>\n\t\t\t\t\t\t\t<\/div>\n\t\t\t\n\t\t\t\n\t\t\t\t\t<\/div>\n\t\t\n\t\t[vc_column_text text_larger=&#8221;no&#8221; woodmart_inline=&#8221;no&#8221;]<\/p>\n<h3>Il vettore \u00e8 obbligato a:<\/h3>\n<ul>\n<li>Prima del viaggio per informare il guidatore dello schema di un itinerario e consegnargli il programma.<\/li>\n<li>Fornire tempestivamente l&#8217;autobus in condizioni tecniche e sanitarie adeguate.<\/li>\n<li>Fornire al passeggero un viaggio sicuro e confortevole nell&#8217;autobus in conformit\u00e0 con il Contratto di trasporto e il programma approvato.<\/li>\n<li>Fornire ai passeggeri il viaggio fino al punto finale del percorso senza costi aggiuntivi in \u200b\u200bcaso di interruzione del viaggio a causa di un malfunzionamento tecnico del bus. In caso di sosta forzata e in caso di impossibilit\u00e0 di riconsegnare il passeggero al luogo di arrivo, il vettore restituisce il costo del viaggio pagato e del trasporto bagagli (meno commissione) in base alla distanza dal luogo di guasto o sosta forzata al luogo di destinazione punto di arrivo regolato dal Joint Activity Agreement.<\/li>\n<li>Il vettore \u00e8 responsabile solo della disponibilit\u00e0 di un bagaglio. L&#8217;azienda non \u00e8 responsabile per l&#8217;efficienza, cos\u00ec come per danni minori ai bagagli (macchie, tagli, graffi, attorcigliamenti, ruote rotte, maniglie, ecc.).<\/li>\n<li>Il vettore non \u00e8 responsabile del bagaglio a mano, delle cose lasciate sull&#8217;autobus, nonch\u00e9 della perdita di denaro, documenti, gioielli, ecc. da parte del passeggero.<\/li>\n<li>La compagnia non \u00e8 responsabile per deviazioni dal programma del percorso, che si verificano per motivi incontrollati (prolungato attraversamento della frontiera, condizioni meteorologiche, congestione, riparazioni stradali, azioni governative, forza maggiore, ecc.).<\/li>\n<\/ul>\n<h3>Il vettore ha il diritto di:<\/h3>\n<ul>\n<li>Annullare il volo in autobus in circostanze che non poteva prevedere e prevenire, nonostante tutte le misure prese. In questo caso, il vettore restituisce al passeggero il costo dei servizi pagati dal passeggero. Sono inoltre soggette a restituzione le spese sostenute dal passeggero, confermate dai relativi documenti e relative al suo eventuale rientro nel luogo di partenza indicato nel biglietto e partenza dallo stesso con il mezzo di trasporto pi\u00f9 economico.<\/li>\n<li>Limitare o sospendere il traffico internazionale sul territorio del proprio paese in caso di epidemia, calamit\u00e0 naturale o forza maggiore (forza maggiore).<\/li>\n<li>Rifiutare il trasporto se un passeggero si presenta a bordo con abiti sporchi, con segni di intossicazione da alcol\/droghe, con comportamenti aggressivi\/inappropriati o altrimenti minaccia o limita la sicurezza, la salute e il comfort degli altri passeggeri e\/o dell&#8217;equipaggio, conduce inadeguati o non ha i documenti necessari per attraversare il confine.<\/li>\n<li>Se il vettore non \u00e8 in grado di contattare il passeggero al numero di telefono di contatto specificato nel biglietto, la compagnia declina ogni responsabilit\u00e0 nell&#8217;informare il passeggero in anticipo delle modifiche al volo. In questo caso non si accettano reclami.<\/li>\n<li>Apportare modifiche e integrazioni al programma di percorsi e tariffe.<\/li>\n<li>Modificare il posto del passeggero sull&#8217;autobus senza il suo preavviso e consenso.<\/li>\n<\/ul>\n<p>[\/vc_column_text][\/vc_column][\/vc_row]<\/p>\n","protected":false},"excerpt":{"rendered":"<p>[vc_row][vc_column][vc_column_text text_larger=&#8221;no&#8221; woodmart_inline=&#8221;no&#8221;] Il passeggero ha diritto a: Il passeggero ha diritto a ricevere informazioni tempestive e veritiere circa l&#8217;elenco<\/p>\n","protected":false},"author":1,"featured_media":0,"parent":0,"menu_order":0,"comment_status":"closed","ping_status":"closed","template":"","meta":[],"yoast_head":"<!-- This site is optimized with the Yoast SEO plugin v18.4.1 - https:\/\/yoast.com\/wordpress\/plugins\/seo\/ -->\n<title>Diritti e doveri del passeggero e del vettore | DLM-trans - trasporto Ucraina - Italia<\/title>\n<meta name=\"robots\" content=\"index, follow, max-snippet:-1, max-image-preview:large, max-video-preview:-1\" \/>\n<link rel=\"canonical\" href=\"https:\/\/dlm-trans.com.ua\/it\/diritti-e-doveri-del-passeggero-e-del-vettore\" \/>\n<meta property=\"og:locale\" content=\"it_IT\" \/>\n<meta property=\"og:type\" content=\"article\" \/>\n<meta property=\"og:title\" content=\"Diritti e doveri del passeggero e del vettore | DLM-trans - trasporto Ucraina - Italia\" \/>\n<meta property=\"og:description\" content=\"[vc_row][vc_column][vc_column_text text_larger=&#8221;no&#8221; woodmart_inline=&#8221;no&#8221;] Il passeggero ha diritto a: Il passeggero ha diritto a ricevere informazioni tempestive e veritiere circa l&#8217;elenco\" \/>\n<meta property=\"og:url\" content=\"https:\/\/dlm-trans.com.ua\/it\/diritti-e-doveri-del-passeggero-e-del-vettore\" \/>\n<meta property=\"og:site_name\" content=\"DLM-trans - trasporto Ucraina - Italia\" \/>\n<meta property=\"article:publisher\" content=\"https:\/\/www.facebook.com\/DLMtransUA\" \/>\n<meta name=\"twitter:card\" content=\"summary_large_image\" \/>\n<meta name=\"twitter:label1\" content=\"Tempo di lettura stimato\" \/>\n\t<meta name=\"twitter:data1\" content=\"5 minuti\" \/>\n<script type=\"application\/ld+json\" class=\"yoast-schema-graph\">{\"@context\":\"https:\/\/schema.org\",\"@graph\":[{\"@type\":\"Organization\",\"@id\":\"https:\/\/dlm-trans.com.ua\/#organization\",\"name\":\"DLM-TRANS\",\"url\":\"https:\/\/dlm-trans.com.ua\/\",\"sameAs\":[\"https:\/\/www.facebook.com\/DLMtransUA\",\"https:\/\/www.instagram.com\/DLMtransUA\/\"],\"logo\":{\"@type\":\"ImageObject\",\"@id\":\"https:\/\/dlm-trans.com.ua\/#logo\",\"inLanguage\":\"it-IT\",\"url\":\"https:\/\/p93uv0fcstawaxczmfkwfwjaweo3gkwg.cdn-freehost.com.ua\/wp-content\/uploads\/2021\/01\/dlm-logo.svg\",\"contentUrl\":\"https:\/\/p93uv0fcstawaxczmfkwfwjaweo3gkwg.cdn-freehost.com.ua\/wp-content\/uploads\/2021\/01\/dlm-logo.svg\",\"width\":98,\"height\":17,\"caption\":\"DLM-TRANS\"},\"image\":{\"@id\":\"https:\/\/dlm-trans.com.ua\/#logo\"}},{\"@type\":\"WebSite\",\"@id\":\"https:\/\/dlm-trans.com.ua\/#website\",\"url\":\"https:\/\/dlm-trans.com.ua\/\",\"name\":\"DLM-trans - \u043f\u0430\u0441\u0430\u0436\u0438\u0440\u0441\u044c\u043a\u0456 \u043f\u0435\u0440\u0435\u0432\u0435\u0437\u0435\u043d\u043d\u044f \u0423\u043a\u0440\u0430\u0457\u043d\u0430 - \u0406\u0442\u0430\u043b\u0456\u044f\",\"description\":\"Traffico passeggeri in Ucraina e in Europa. Cos\u00ec come il trasporto di pacchi\",\"publisher\":{\"@id\":\"https:\/\/dlm-trans.com.ua\/#organization\"},\"potentialAction\":[{\"@type\":\"SearchAction\",\"target\":{\"@type\":\"EntryPoint\",\"urlTemplate\":\"https:\/\/dlm-trans.com.ua\/?s={search_term_string}\"},\"query-input\":\"required name=search_term_string\"}],\"inLanguage\":\"it-IT\"},{\"@type\":\"WebPage\",\"@id\":\"https:\/\/dlm-trans.com.ua\/it\/diritti-e-doveri-del-passeggero-e-del-vettore#webpage\",\"url\":\"https:\/\/dlm-trans.com.ua\/it\/diritti-e-doveri-del-passeggero-e-del-vettore\",\"name\":\"Diritti e doveri del passeggero e del vettore | DLM-trans - trasporto Ucraina - Italia\",\"isPartOf\":{\"@id\":\"https:\/\/dlm-trans.com.ua\/#website\"},\"datePublished\":\"2021-07-14T10:44:32+00:00\",\"dateModified\":\"2021-07-14T10:44:32+00:00\",\"breadcrumb\":{\"@id\":\"https:\/\/dlm-trans.com.ua\/it\/diritti-e-doveri-del-passeggero-e-del-vettore#breadcrumb\"},\"inLanguage\":\"it-IT\",\"potentialAction\":[{\"@type\":\"ReadAction\",\"target\":[\"https:\/\/dlm-trans.com.ua\/it\/diritti-e-doveri-del-passeggero-e-del-vettore\"]}]},{\"@type\":\"BreadcrumbList\",\"@id\":\"https:\/\/dlm-trans.com.ua\/it\/diritti-e-doveri-del-passeggero-e-del-vettore#breadcrumb\",\"itemListElement\":[{\"@type\":\"ListItem\",\"position\":1,\"name\":\"\u0413\u043e\u043b\u043e\u0432\u043d\u0430 \u0421\u0442\u043e\u0440\u0456\u043d\u043a\u0430\",\"item\":\"https:\/\/dlm-trans.com.ua\/it\"},{\"@type\":\"ListItem\",\"position\":2,\"name\":\"Diritti e doveri del passeggero e del vettore\"}]}]}<\/script>\n<!-- \/ Yoast SEO plugin. -->","yoast_head_json":{"title":"Diritti e doveri del passeggero e del vettore | DLM-trans - trasporto Ucraina - Italia","robots":{"index":"index","follow":"follow","max-snippet":"max-snippet:-1","max-image-preview":"max-image-preview:large","max-video-preview":"max-video-preview:-1"},"canonical":"https:\/\/dlm-trans.com.ua\/it\/diritti-e-doveri-del-passeggero-e-del-vettore","og_locale":"it_IT","og_type":"article","og_title":"Diritti e doveri del passeggero e del vettore | DLM-trans - trasporto Ucraina - Italia","og_description":"[vc_row][vc_column][vc_column_text text_larger=&#8221;no&#8221; woodmart_inline=&#8221;no&#8221;] Il passeggero ha diritto a: Il passeggero ha diritto a ricevere informazioni tempestive e veritiere circa l&#8217;elenco","og_url":"https:\/\/dlm-trans.com.ua\/it\/diritti-e-doveri-del-passeggero-e-del-vettore","og_site_name":"DLM-trans - trasporto Ucraina - Italia","article_publisher":"https:\/\/www.facebook.com\/DLMtransUA","twitter_card":"summary_large_image","twitter_misc":{"Tempo di lettura stimato":"5 minuti"},"schema":{"@context":"https:\/\/schema.org","@graph":[{"@type":"Organization","@id":"https:\/\/dlm-trans.com.ua\/#organization","name":"DLM-TRANS","url":"https:\/\/dlm-trans.com.ua\/","sameAs":["https:\/\/www.facebook.com\/DLMtransUA","https:\/\/www.instagram.com\/DLMtransUA\/"],"logo":{"@type":"ImageObject","@id":"https:\/\/dlm-trans.com.ua\/#logo","inLanguage":"it-IT","url":"https:\/\/p93uv0fcstawaxczmfkwfwjaweo3gkwg.cdn-freehost.com.ua\/wp-content\/uploads\/2021\/01\/dlm-logo.svg","contentUrl":"https:\/\/p93uv0fcstawaxczmfkwfwjaweo3gkwg.cdn-freehost.com.ua\/wp-content\/uploads\/2021\/01\/dlm-logo.svg","width":98,"height":17,"caption":"DLM-TRANS"},"image":{"@id":"https:\/\/dlm-trans.com.ua\/#logo"}},{"@type":"WebSite","@id":"https:\/\/dlm-trans.com.ua\/#website","url":"https:\/\/dlm-trans.com.ua\/","name":"DLM-trans - \u043f\u0430\u0441\u0430\u0436\u0438\u0440\u0441\u044c\u043a\u0456 \u043f\u0435\u0440\u0435\u0432\u0435\u0437\u0435\u043d\u043d\u044f \u0423\u043a\u0440\u0430\u0457\u043d\u0430 - \u0406\u0442\u0430\u043b\u0456\u044f","description":"Traffico passeggeri in Ucraina e in Europa. Cos\u00ec come il trasporto di pacchi","publisher":{"@id":"https:\/\/dlm-trans.com.ua\/#organization"},"potentialAction":[{"@type":"SearchAction","target":{"@type":"EntryPoint","urlTemplate":"https:\/\/dlm-trans.com.ua\/?s={search_term_string}"},"query-input":"required name=search_term_string"}],"inLanguage":"it-IT"},{"@type":"WebPage","@id":"https:\/\/dlm-trans.com.ua\/it\/diritti-e-doveri-del-passeggero-e-del-vettore#webpage","url":"https:\/\/dlm-trans.com.ua\/it\/diritti-e-doveri-del-passeggero-e-del-vettore","name":"Diritti e doveri del passeggero e del vettore | DLM-trans - trasporto Ucraina - Italia","isPartOf":{"@id":"https:\/\/dlm-trans.com.ua\/#website"},"datePublished":"2021-07-14T10:44:32+00:00","dateModified":"2021-07-14T10:44:32+00:00","breadcrumb":{"@id":"https:\/\/dlm-trans.com.ua\/it\/diritti-e-doveri-del-passeggero-e-del-vettore#breadcrumb"},"inLanguage":"it-IT","potentialAction":[{"@type":"ReadAction","target":["https:\/\/dlm-trans.com.ua\/it\/diritti-e-doveri-del-passeggero-e-del-vettore"]}]},{"@type":"BreadcrumbList","@id":"https:\/\/dlm-trans.com.ua\/it\/diritti-e-doveri-del-passeggero-e-del-vettore#breadcrumb","itemListElement":[{"@type":"ListItem","position":1,"name":"\u0413\u043e\u043b\u043e\u0432\u043d\u0430 \u0421\u0442\u043e\u0440\u0456\u043d\u043a\u0430","item":"https:\/\/dlm-trans.com.ua\/it"},{"@type":"ListItem","position":2,"name":"Diritti e doveri del passeggero e del vettore"}]}]}},"_links":{"self":[{"href":"https:\/\/dlm-trans.com.ua\/it\/wp-json\/wp\/v2\/pages\/7876"}],"collection":[{"href":"https:\/\/dlm-trans.com.ua\/it\/wp-json\/wp\/v2\/pages"}],"about":[{"href":"https:\/\/dlm-trans.com.ua\/it\/wp-json\/wp\/v2\/types\/page"}],"author":[{"embeddable":true,"href":"https:\/\/dlm-trans.com.ua\/it\/wp-json\/wp\/v2\/users\/1"}],"replies":[{"embeddable":true,"href":"https:\/\/dlm-trans.com.ua\/it\/wp-json\/wp\/v2\/comments?post=7876"}],"version-history":[{"count":1,"href":"https:\/\/dlm-trans.com.ua\/it\/wp-json\/wp\/v2\/pages\/7876\/revisions"}],"predecessor-version":[{"id":7877,"href":"https:\/\/dlm-trans.com.ua\/it\/wp-json\/wp\/v2\/pages\/7876\/revisions\/7877"}],"wp:attachment":[{"href":"https:\/\/dlm-trans.com.ua\/it\/wp-json\/wp\/v2\/media?parent=7876"}],"curies":[{"name":"wp","href":"https:\/\/api.w.org\/{rel}","templated":true}]}}